{"id":17,"date":"2026-03-18T14:50:20","date_gmt":"2026-03-18T14:50:20","guid":{"rendered":"https:\/\/carbank.veebihai.com\/kupsiste-poliitika\/"},"modified":"2026-03-18T21:05:02","modified_gmt":"2026-03-18T21:05:02","slug":"politika-cookie","status":"publish","type":"page","link":"https:\/\/carbank.veebihai.com\/ru\/kupsiste-poliitika\/","title":{"rendered":"\u041f\u043e\u043b\u0438\u0442\u0438\u043a\u0430 \u0444\u0430\u0439\u043b\u043e\u0432 \u043a\u0443\u043a\u0438"},"content":{"rendered":"<h2>1. \u0427\u0442\u043e \u0442\u0430\u043a\u043e\u0435 \u043a\u0443\u043a\u0438?<\/h2>\n<p>\u041a\u0443\u043a\u0438 \u2013 \u044d\u0442\u043e \u043d\u0435\u0431\u043e\u043b\u044c\u0448\u0438\u0435 \u0442\u0435\u043a\u0441\u0442\u043e\u0432\u044b\u0435 \u0444\u0430\u0439\u043b\u044b, \u043a\u043e\u0442\u043e\u0440\u044b\u0435 \u0441\u0430\u0439\u0442, \u043a\u043e\u0433\u0434\u0430 \u0432\u044b \u043d\u0430 \u043d\u0435\u0433\u043e \u0437\u0430\u0445\u043e\u0434\u0438\u0442\u0435, \u0441\u043e\u0445\u0440\u0430\u043d\u044f\u0435\u0442 \u043d\u0430 \u0432\u0430\u0448\u0435\u043c \u0443\u0441\u0442\u0440\u043e\u0439\u0441\u0442\u0432\u0435 (\u043a\u043e\u043c\u043f\u044c\u044e\u0442\u0435\u0440\u0435, \u0442\u0435\u043b\u0435\u0444\u043e\u043d\u0435, \u043f\u043b\u0430\u043d\u0448\u0435\u0442\u0435). \u041a\u0443\u043a\u0438 \u043f\u043e\u043c\u043e\u0433\u0430\u044e\u0442 \u0441\u0430\u0439\u0442\u0443 \u0437\u0430\u043f\u043e\u043c\u0438\u043d\u0430\u0442\u044c \u0432\u0430\u0448\u0438 \u043f\u0440\u0435\u0434\u043f\u043e\u0447\u0442\u0435\u043d\u0438\u044f \u0438 \u043f\u043e\u0432\u044b\u0448\u0430\u0442\u044c \u0443\u0434\u043e\u0431\u0441\u0442\u0432\u043e \u043f\u043e\u043b\u044c\u0437\u043e\u0432\u0430\u043d\u0438\u044f.<\/p>\n<h2>2. \u041a\u0430\u043a\u0438\u0435 \u043a\u0443\u043a\u0438 \u043c\u044b \u0438\u0441\u043f\u043e\u043b\u044c\u0437\u0443\u0435\u043c<\/h2>\n<h3>\u041d\u0435\u043e\u0431\u0445\u043e\u0434\u0438\u043c\u044b\u0435 \u043a\u0443\u043a\u0438<\/h3>\n<p>\u042d\u0442\u0438 \u043a\u0443\u043a\u0438 \u043d\u0435\u043e\u0431\u0445\u043e\u0434\u0438\u043c\u044b \u0434\u043b\u044f \u0440\u0430\u0431\u043e\u0442\u044b \u0441\u0430\u0439\u0442\u0430. \u041a \u043d\u0438\u043c \u043e\u0442\u043d\u043e\u0441\u044f\u0442\u0441\u044f, \u043d\u0430\u043f\u0440\u0438\u043c\u0435\u0440, \u043a\u0443\u043a\u0438, \u043a\u043e\u0442\u043e\u0440\u044b\u0435 \u043f\u043e\u0437\u0432\u043e\u043b\u044f\u044e\u0442 \u0440\u0430\u0441\u043f\u043e\u0437\u043d\u0430\u0432\u0430\u0442\u044c, \u0447\u0442\u043e \u0432\u044b \u0432\u043e\u0448\u043b\u0438 \u0432 \u0441\u0438\u0441\u0442\u0435\u043c\u0443. \u042d\u0442\u0438 \u043a\u0443\u043a\u0438 \u043e\u0442\u043a\u043b\u044e\u0447\u0438\u0442\u044c \u043d\u0435\u043b\u044c\u0437\u044f.<\/p>\n<h3>\u0410\u043d\u0430\u043b\u0438\u0442\u0438\u0447\u0435\u0441\u043a\u0438\u0435 \u043a\u0443\u043a\u0438<\/h3>\n<p>\u042d\u0442\u0438 \u043a\u0443\u043a\u0438 \u0441\u043e\u0431\u0438\u0440\u0430\u044e\u0442 \u0438\u043d\u0444\u043e\u0440\u043c\u0430\u0446\u0438\u044e \u043e \u0442\u043e\u043c, \u043a\u0430\u043a \u043f\u043e\u0441\u0435\u0442\u0438\u0442\u0435\u043b\u0438 \u043f\u043e\u043b\u044c\u0437\u0443\u044e\u0442\u0441\u044f \u0441\u0430\u0439\u0442\u043e\u043c (\u043d\u0430\u043f\u0440\u0438\u043c\u0435\u0440, Google Analytics). \u041d\u0430\u043c \u043e\u043d\u0438 \u043d\u0443\u0436\u043d\u044b, \u0447\u0442\u043e\u0431\u044b \u0434\u0435\u043b\u0430\u0442\u044c \u0441\u0430\u0439\u0442 \u043b\u0443\u0447\u0448\u0435. \u0412\u0441\u0435 \u0434\u0430\u043d\u043d\u044b\u0435 \u0430\u043d\u043e\u043d\u0438\u043c\u043d\u044b.<\/p>\n<h3>\u0424\u0443\u043d\u043a\u0446\u0438\u043e\u043d\u0430\u043b\u044c\u043d\u044b\u0435 \u043a\u0443\u043a\u0438<\/h3>\n<p>\u042d\u0442\u0438 \u043a\u0443\u043a\u0438 \u043f\u043e\u0437\u0432\u043e\u043b\u044f\u044e\u0442 \u0441\u0430\u0439\u0442\u0443 \u0437\u0430\u043f\u043e\u043c\u0438\u043d\u0430\u0442\u044c \u0432\u0430\u0448\u0438 \u043d\u0430\u0441\u0442\u0440\u043e\u0439\u043a\u0438 (\u043d\u0430\u043f\u0440\u0438\u043c\u0435\u0440, \u044f\u0437\u044b\u043a, \u043e\u0444\u043e\u0440\u043c\u043b\u0435\u043d\u0438\u0435) \u0438 \u043f\u0440\u0435\u0434\u043e\u0441\u0442\u0430\u0432\u043b\u044f\u0442\u044c \u043f\u0435\u0440\u0441\u043e\u043d\u0430\u043b\u0438\u0437\u0438\u0440\u043e\u0432\u0430\u043d\u043d\u044b\u0435 \u0444\u0443\u043d\u043a\u0446\u0438\u0438.<\/p>\n<h2>3. \u0423\u043f\u0440\u0430\u0432\u043b\u0435\u043d\u0438\u0435 \u043a\u0443\u043a\u0438<\/h2>\n<p>\u0412\u044b \u043c\u043e\u0436\u0435\u0442\u0435 \u0443\u043f\u0440\u0430\u0432\u043b\u044f\u0442\u044c \u043a\u0443\u043a\u0438 \u0447\u0435\u0440\u0435\u0437 \u043d\u0430\u0441\u0442\u0440\u043e\u0439\u043a\u0438 \u0432\u0430\u0448\u0435\u0433\u043e \u0431\u0440\u0430\u0443\u0437\u0435\u0440\u0430. \u0411\u043e\u043b\u044c\u0448\u0438\u043d\u0441\u0442\u0432\u043e \u0431\u0440\u0430\u0443\u0437\u0435\u0440\u043e\u0432 \u043f\u043e\u0437\u0432\u043e\u043b\u044f\u044e\u0442:<\/p>\n<ul>\n<li>\u041f\u0440\u043e\u0441\u043c\u0430\u0442\u0440\u0438\u0432\u0430\u0442\u044c, \u043a\u0430\u043a\u0438\u0435 \u043a\u0443\u043a\u0438 \u0441\u043e\u0445\u0440\u0430\u043d\u0435\u043d\u044b<\/li>\n<li>\u0423\u0434\u0430\u043b\u044f\u0442\u044c \u043e\u0442\u0434\u0435\u043b\u044c\u043d\u044b\u0435 \u0438\u043b\u0438 \u0432\u0441\u0435 \u043a\u0443\u043a\u0438<\/li>\n<li>\u0411\u043b\u043e\u043a\u0438\u0440\u043e\u0432\u0430\u0442\u044c \u0441\u0442\u043e\u0440\u043e\u043d\u043d\u0438\u0435 \u043a\u0443\u043a\u0438<\/li>\n<li>\u0411\u043b\u043e\u043a\u0438\u0440\u043e\u0432\u0430\u0442\u044c \u0432\u0441\u0435 \u043a\u0443\u043a\u0438<\/li>\n<li>\u041f\u043e\u043b\u0443\u0447\u0430\u0442\u044c \u0443\u0432\u0435\u0434\u043e\u043c\u043b\u0435\u043d\u0438\u044f \u043e \u043d\u043e\u0432\u044b\u0445 \u043a\u0443\u043a\u0438<\/li>\n<\/ul>\n<p>NB! \u0411\u043b\u043e\u043a\u0438\u0440\u043e\u0432\u043a\u0430 \u043a\u0443\u043a\u0438 \u043c\u043e\u0436\u0435\u0442 \u043f\u043e\u0432\u043b\u0438\u044f\u0442\u044c \u043d\u0430 \u0440\u0430\u0431\u043e\u0442\u0443 \u0441\u0430\u0439\u0442\u0430 \u0438 \u0432\u043e\u0437\u043c\u043e\u0436\u043d\u043e\u0441\u0442\u0438 \u043f\u043e\u043b\u044c\u0437\u043e\u0432\u0430\u0442\u044c\u0441\u044f \u0438\u043c.<\/p>\n<h2>4. \u0421\u0442\u043e\u0440\u043e\u043d\u043d\u0438\u0435 \u043a\u0443\u043a\u0438<\/h2>\n<p>\u041a\u0443\u043a\u0438 \u043d\u0430 \u0432\u0430\u0448\u0435\u043c \u0441\u0430\u0439\u0442\u0435 \u043c\u043e\u0433\u0443\u0442 \u0431\u044b\u0442\u044c \u0443\u0441\u0442\u0430\u043d\u043e\u0432\u043b\u0435\u043d\u044b \u0438 \u0442\u0440\u0435\u0442\u044c\u0438\u043c\u0438 \u043b\u0438\u0446\u0430\u043c\u0438:<\/p>\n<ul>\n<li><strong>Google Analytics<\/strong> \u2013 \u0441\u0442\u0430\u0442\u0438\u0441\u0442\u0438\u043a\u0430 \u043f\u043e\u043b\u044c\u0437\u043e\u0432\u0430\u043d\u0438\u044f \u0441\u0430\u0439\u0442\u043e\u043c<\/li>\n<li><strong>Google Maps<\/strong> \u2013 \u043e\u0442\u043e\u0431\u0440\u0430\u0436\u0435\u043d\u0438\u0435 \u043a\u0430\u0440\u0442\u044b \u043d\u0430 \u0441\u0442\u0440\u0430\u043d\u0438\u0446\u0435 \u043a\u043e\u043d\u0442\u0430\u043a\u0442\u043e\u0432<\/li>\n<li><strong>TranslatePress<\/strong> \u2013 \u0437\u0430\u043f\u043e\u043c\u0438\u043d\u0430\u043d\u0438\u0435 \u0432\u044b\u0431\u0440\u0430\u043d\u043d\u043e\u0433\u043e \u044f\u0437\u044b\u043a\u0430<\/li>\n<\/ul>\n<h2>5. \u041a\u043e\u043d\u0442\u0430\u043a\u0442<\/h2>\n<p>\u041f\u043e \u0432\u043e\u043f\u0440\u043e\u0441\u0430\u043c, \u0441\u0432\u044f\u0437\u0430\u043d\u043d\u044b\u043c \u0441 \u043e\u0431\u0440\u0430\u0449\u0430\u0439\u0442\u0435\u0441\u044c:<\/p>\n<p>CarCapital O\u00dc<br \/>\nE-mail: <a href=\"mailto:info@carbank.ee\">info@carbank.ee<\/a><br \/>\n\u0422\u0435\u043b\u0435\u0444\u043e\u043d: <a href=\"tel:+37256819999\">+372 568 19 999<\/a><\/p>\n<p>\u041f\u043e\u0441\u043b\u0435\u0434\u043d\u0435\u0435 \u043e\u0431\u043d\u043e\u0432\u043b\u0435\u043d\u0438\u0435: \u043c\u0430\u0440\u0442 2026 \u0433.<\/p>","protected":false},"excerpt":{"rendered":"<p>1. Mis on k\u00fcpsised? K\u00fcpsised on v\u00e4ikesed tekstifailid, mida veebileht salvestab teie seadmesse (arvuti, telefon, tahvelarvuti) veebilehe k\u00fclastamisel. K\u00fcpsised aitavad veebilehel meelde j\u00e4tta teie eelistusi ja parandada kasutajakogemust. 2. Milliseid k\u00fcpsiseid kasutame H\u00e4davajalikud k\u00fcpsised Need k\u00fcpsised on vajalikud veebilehe toimimiseks. Nende hulka kuuluvad n\u00e4iteks k\u00fcpsised, mis v\u00f5imaldavad teid tuvastada sisselogituna. Neid k\u00fcpsiseid ei saa keelata. [&hellip;]<\/p>\n","protected":false},"author":0,"featured_media":0,"parent":0,"menu_order":0,"comment_status":"closed","ping_status":"closed","template":"","meta":{"_acf_changed":false,"footnotes":""},"class_list":["post-17","page","type-page","status-publish","hentry"],"acf":[],"_links":{"self":[{"href":"https:\/\/carbank.veebihai.com\/ru\/wp-json\/wp\/v2\/pages\/17","targetHints":{"allow":["GET"]}}],"collection":[{"href":"https:\/\/carbank.veebihai.com\/ru\/wp-json\/wp\/v2\/pages"}],"about":[{"href":"https:\/\/carbank.veebihai.com\/ru\/wp-json\/wp\/v2\/types\/page"}],"replies":[{"embeddable":true,"href":"https:\/\/carbank.veebihai.com\/ru\/wp-json\/wp\/v2\/comments?post=17"}],"version-history":[{"count":2,"href":"https:\/\/carbank.veebihai.com\/ru\/wp-json\/wp\/v2\/pages\/17\/revisions"}],"predecessor-version":[{"id":163,"href":"https:\/\/carbank.veebihai.com\/ru\/wp-json\/wp\/v2\/pages\/17\/revisions\/163"}],"wp:attachment":[{"href":"https:\/\/carbank.veebihai.com\/ru\/wp-json\/wp\/v2\/media?parent=17"}],"curies":[{"name":"wp","href":"https:\/\/api.w.org\/{rel}","templated":true}]}}