{"id":16,"date":"2026-03-18T14:50:20","date_gmt":"2026-03-18T14:50:20","guid":{"rendered":"https:\/\/carbank.veebihai.com\/privaatsuspoliitika\/"},"modified":"2026-03-18T21:05:39","modified_gmt":"2026-03-18T21:05:39","slug":"politika-konfidentsialnosti","status":"publish","type":"page","link":"https:\/\/carbank.veebihai.com\/ru\/privaatsuspoliitika\/","title":{"rendered":"\u041f\u043e\u043b\u0438\u0442\u0438\u043a\u0430 \u043a\u043e\u043d\u0444\u0438\u0434\u0435\u043d\u0446\u0438\u0430\u043b\u044c\u043d\u043e\u0441\u0442\u0438"},"content":{"rendered":"<h2>1. \u041e\u0431\u0449\u0438\u0435 \u043f\u043e\u043b\u043e\u0436\u0435\u043d\u0438\u044f<\/h2>\n<p>\u041d\u0430\u0441\u0442\u043e\u044f\u0449\u0430\u044f \u043f\u043e\u043b\u0438\u0442\u0438\u043a\u0430 \u043a\u043e\u043d\u0444\u0438\u0434\u0435\u043d\u0446\u0438\u0430\u043b\u044c\u043d\u043e\u0441\u0442\u0438 \u0440\u0435\u0433\u0443\u043b\u0438\u0440\u0443\u0435\u0442 \u0441\u0431\u043e\u0440, \u0438\u0441\u043f\u043e\u043b\u044c\u0437\u043e\u0432\u0430\u043d\u0438\u0435 \u0438 \u0445\u0440\u0430\u043d\u0435\u043d\u0438\u0435 \u043f\u0435\u0440\u0441\u043e\u043d\u0430\u043b\u044c\u043d\u044b\u0445 \u0434\u0430\u043d\u043d\u044b\u0445 \u043f\u0440\u0438 \u0440\u0430\u0431\u043e\u0442\u0435 \u0441\u0430\u0439\u0442\u0430 carbank.ee \u043a\u043e\u043c\u043f\u0430\u043d\u0438\u0438 CarCapital O\u00dc (\u0434\u0430\u043b\u0435\u0435 \u2013 CarBank) CarBank \u0443\u0432\u0430\u0436\u0430\u0435\u0442 \u0432\u0430\u0448\u0443 \u043a\u043e\u043d\u0444\u0438\u0434\u0435\u043d\u0446\u0438\u0430\u043b\u044c\u043d\u043e\u0441\u0442\u044c \u0438 \u043e\u0431\u0440\u0430\u0431\u0430\u0442\u044b\u0432\u0430\u0435\u0442 \u0432\u0430\u0448\u0438 \u043f\u0435\u0440\u0441\u043e\u043d\u0430\u043b\u044c\u043d\u044b\u0435 \u0434\u0430\u043d\u043d\u044b\u0435 \u0432 \u0441\u043e\u043e\u0442\u0432\u0435\u0442\u0441\u0442\u0432\u0438\u0438 \u0441 \u041e\u0431\u0449\u0438\u043c \u0440\u0435\u0433\u043b\u0430\u043c\u0435\u043d\u0442\u043e\u043c \u0432\u0440\u043e\u043f\u0435\u0439\u0441\u043a\u043e\u0433\u043e \u0441\u043e\u044e\u0437\u0430 \u043f\u043e \u0437\u0430\u0449\u0438\u0442\u0435 \u0434\u0430\u043d\u043d\u044b\u0445 (GDPR).<\/p>\n<h2>2. \u041a\u043e\u043d\u0442\u0440\u043e\u043b\u043b\u0435\u0440 \u0434\u0430\u043d\u043d\u044b\u0445<\/h2>\n<p><strong>CarCapital O\u00dc<\/strong><br \/>\n\u0420\u0435\u0433. \u043a\u043e\u0434: : 11609788<br \/>\n\u0410\u0434\u0440\u0435\u0441: <a href=\"https:\/\/maps.google.com\/?q=T%C3%A4hesaju+tee+9,+Lasnam%C3%A4e,+Tallinn+13917\" target=\"_blank\" rel=\"noopener\">T\u00e4hesaju tee 9, Lasnam\u00e4e, Tallinn 13917<\/a><br \/>\nE-mail: <a href=\"mailto:info@carbank.ee\">info@carbank.ee<\/a><br \/>\n\u0422\u0435\u043b\u0435\u0444\u043e\u043d: <a href=\"tel:+37256819999\">+372 568 19 999<\/a><\/p>\n<h2>3. \u041a\u0430\u043a\u0438\u0435 \u043f\u0435\u0440\u0441\u043e\u043d\u0430\u043b\u044c\u043d\u044b\u0435 \u0434\u0430\u043d\u043d\u044b\u0435 \u043c\u044b \u0441\u043e\u0431\u0438\u0440\u0430\u0435\u043c<\/h2>\n<p>\u041c\u044b \u0441\u043e\u0431\u0438\u0440\u0430\u0435\u043c \u0441\u043b\u0435\u0434\u0443\u044e\u0449\u0438\u0435 \u043f\u0435\u0440\u0441\u043e\u043d\u0430\u043b\u044c\u043d\u044b\u0435 \u0434\u0430\u043d\u043d\u044b\u0435:<\/p>\n<ul>\n<li>\u0418\u043c\u044f \u0438 \u0444\u0430\u043c\u0438\u043b\u0438\u044f<\/li>\n<li>\u041b\u0438\u0447\u043d\u044b\u0439 \u043a\u043e\u0434<\/li>\n<li>\u041a\u043e\u043d\u0442\u0430\u043a\u0442\u043d\u044b\u0435 \u0434\u0430\u043d\u043d\u044b\u0435 (\u0442\u0435\u043b\u0435\u0444\u043e\u043d,  \u0430\u0434\u0440\u0435\u0441 \u044d\u043b\u0435\u043a\u0442\u0440\u043e\u043d\u043d\u043e\u0439 \u043f\u043e\u0447\u0442\u044b, \u043f\u043e\u0447\u0442\u043e\u0432\u044b\u0439 \u0430\u0434\u0440\u0435\u0441)<\/li>\n<li>\u0424\u0438\u043d\u0430\u043d\u0441\u043e\u0432\u044b\u0435 \u0434\u0430\u043d\u043d\u044b\u0435 (\u0434\u043e\u0445\u043e\u0434\u044b, \u0441\u0443\u0449\u0435\u0441\u0442\u0432\u0443\u044e\u0449\u0438\u0435 \u043e\u0431\u044f\u0437\u0430\u0442\u0435\u043b\u044c\u0441\u0442\u0432\u0430)<\/li>\n<li>\u0414\u0430\u043d\u043d\u044b\u0435 \u043e \u0442\u0440\u0430\u043d\u0441\u043f\u043e\u0440\u0442\u043d\u043e\u043c \u0441\u0440\u0435\u0434\u0441\u0442\u0432\u0435 (\u043c\u0430\u0440\u043a\u0430, \u043c\u043e\u0434\u0435\u043b\u044c, VIN \u043a\u043e\u0434)<\/li>\n<li>\u0414\u0430\u043d\u043d\u044b\u0435 \u043e \u043f\u043e\u043b\u044c\u0437\u043e\u0432\u0430\u043d\u0438\u0438 \u0441\u0430\u0439\u0442\u043e\u043c (\u043a\u0443\u043a\u0438, IP-\u0430\u0434\u0440\u0435\u0441)<\/li>\n<\/ul>\n<h2>4. \u0426\u0435\u043b\u0438 \u043e\u0431\u0440\u0430\u0431\u043e\u0442\u043a\u0438 \u043f\u0435\u0440\u0441\u043e\u043d\u0430\u043b\u044c\u043d\u044b\u0445 \u0434\u0430\u043d\u043d\u044b\u0445<\/h2>\n<p>\u041c\u044b \u043e\u0431\u0440\u0430\u0431\u0430\u0442\u044b\u0432\u0430\u0435\u043c \u0432\u0430\u0448\u0438 \u043f\u0435\u0440\u0441\u043e\u043d\u0430\u043b\u044c\u043d\u044b\u0435 \u0434\u0430\u043d\u043d\u044b\u0435 \u0441\u043e \u0441\u043b\u0435\u0434\u0443\u044e\u0449\u0438\u043c\u0438 \u0446\u0435\u043b\u044f\u043c\u0438:<\/p>\n<ul>\n<li>\u0417\u0430\u043a\u043b\u044e\u0447\u0435\u043d\u0438\u0435 \u0438 \u0438\u0441\u043f\u043e\u043b\u043d\u0435\u043d\u0438\u0435 \u0434\u043e\u0433\u043e\u0432\u043e\u0440\u0430 \u043b\u0438\u0437\u0438\u043d\u0433\u0430<\/li>\n<li>\u041e\u0446\u0435\u043d\u043a\u0430 \u043a\u0440\u0435\u0434\u0438\u0442\u043e\u0441\u043f\u043e\u0441\u043e\u0431\u043d\u043e\u0441\u0442\u0438<\/li>\n<li>\u041e\u0431\u0441\u043b\u0443\u0436\u0438\u0432\u0430\u043d\u0438\u0435 \u043a\u043b\u0438\u0435\u043d\u0442\u043e\u0432 \u0438 \u043a\u043e\u043c\u043c\u0443\u043d\u0438\u043a\u0430\u0446\u0438\u044f<\/li>\n<li>\u0412\u044b\u043f\u043e\u043b\u043d\u0435\u043d\u0438\u0435 \u0442\u0440\u0435\u0431\u043e\u0432\u0430\u043d\u0438\u0439 \u0437\u0430\u043a\u043e\u043d\u043e\u0434\u0430\u0442\u0435\u043b\u044c\u0441\u0442\u0432\u0430 (\u043f\u0440\u0435\u0434\u043e\u0442\u0432\u0440\u0430\u0449\u0435\u043d\u0438\u0435 \u043e\u0442\u043c\u044b\u0432\u0430\u043d\u0438\u044f \u0434\u0435\u043d\u0435\u0433, \u0431\u0443\u0445\u0433\u0430\u043b\u0442\u0435\u0440\u0441\u043a\u0438\u0439 \u0443\u0447\u0435\u0442)<\/li>\n<li>\u0421\u043e\u0432\u0435\u0440\u0448\u0435\u043d\u0441\u0442\u0432\u043e\u0432\u0430\u043d\u0438\u0435 \u0438 \u0440\u0430\u0437\u0432\u0438\u0442\u0438\u0435 \u0443\u0441\u043b\u0443\u0433<\/li>\n<\/ul>\n<h2>5. \u0425\u0440\u0430\u043d\u0435\u043d\u0438\u0435 \u043f\u0435\u0440\u0441\u043e\u043d\u0430\u043b\u044c\u043d\u044b\u0445 \u0434\u0430\u043d\u043d\u044b\u0445<\/h2>\n<p>\u041c\u044b \u0445\u0440\u0430\u043d\u0438\u043c \u0432\u0430\u0448\u0438 \u043f\u0435\u0440\u0441\u043e\u043d\u0430\u043b\u044c\u043d\u044b\u0435 \u0434\u0430\u043d\u043d\u044b\u0435 \u0442\u043e\u043b\u044c\u043a\u043e \u0442\u0435\u0447\u0435\u043d\u0438\u0435 \u0442\u043e\u0433\u043e \u0432\u0440\u0435\u043c\u0435\u043d\u0438, \u043a\u043e\u0442\u043e\u0440\u043e\u0435 \u043d\u0435\u043e\u0431\u0445\u043e\u0434\u0438\u043c\u043e \u0434\u043b\u044f \u0434\u043e\u0441\u0442\u0438\u0436\u0435\u043d\u0438\u044f \u0442\u0440\u0435\u0431\u043e\u0432\u0430\u043d\u0438\u0439 \u0437\u0430\u043a\u043e\u043d\u043e\u0434\u0430\u0442\u0435\u043b\u044c\u0441\u0442\u0432\u0430. \u0421\u043e\u0433\u043b\u0430\u0441\u043d\u043e \u0442\u0440\u0435\u0431\u043e\u0432\u0430\u043d\u0438\u044f\u043c \u0437\u0430\u043a\u043e\u043d\u043e\u0434\u0430\u0442\u0435\u043b\u044c\u0441\u0442\u0432\u0430 \u043e \u0431\u0443\u0445\u0433\u0430\u043b\u0442\u0435\u0440\u0441\u043a\u043e\u043c \u0443\u0447\u0435\u0442\u0435, \u0434\u0430\u043d\u043d\u044b\u0435, \u0441\u0432\u044f\u0437\u0430\u043d\u043d\u044b\u0435 \u0441 \u0434\u043e\u0433\u043e\u0432\u043e\u0440\u043e\u043c \u043b\u0438\u0437\u0438\u043d\u0433\u0430, \u0445\u0440\u0430\u043d\u044f\u0442\u0441\u044f \u043d\u0435 \u043c\u0435\u043d\u0435\u0435 7 \u043b\u0435\u0442 \u043f\u043e\u0441\u043b\u0435 \u043f\u0440\u0435\u043a\u0440\u0430\u0449\u0435\u043d\u0438\u044f \u0434\u0435\u0439\u0441\u0442\u0432\u0438\u044f \u0434\u043e\u0433\u043e\u0432\u043e\u0440\u0430.<\/p>\n<h2>6. \u041f\u0435\u0440\u0435\u0434\u0430\u0447\u0430 \u043f\u0435\u0440\u0441\u043e\u043d\u0430\u043b\u044c\u043d\u044b\u0445 \u0434\u0430\u043d\u043d\u044b\u0445<\/h2>\n<p>\u041c\u044b \u043f\u0435\u0440\u0435\u0434\u0430\u0435\u043c \u0432\u0430\u0448\u0438 \u043f\u0435\u0440\u0441\u043e\u043d\u0430\u043b\u044c\u043d\u044b\u0435 \u0434\u0430\u043d\u043d\u044b\u0435 \u0442\u043e\u043b\u044c\u043a\u043e \u0441\u043b\u0435\u0434\u0443\u044e\u0449\u0438\u043c \u0442\u0440\u0435\u0442\u044c\u0438\u043c \u043b\u0438\u0446\u0430\u043c \u0438 \u0442\u043e\u043b\u044c\u043a\u043e \u0432 \u0441\u043b\u0435\u0434\u0443\u044e\u0449\u0438\u0445 \u0441\u043b\u0443\u0447\u0430\u044f\u0445:<\/p>\n<ul>\n<li>\u0417\u0430\u043f\u0440\u043e\u0441\u044b \u043a\u0440\u0435\u0434\u0438\u0442\u043d\u043e\u0439 \u0438\u043d\u0444\u043e\u0440\u043c\u0430\u0446\u0438\u0438 (Creditinfo Eesti AS)<\/li>\n<li>\u0421\u0442\u0440\u0430\u0445\u043e\u0432\u044b\u0435 \u043a\u043e\u043c\u043f\u0430\u043d\u0438\u0438 (\u0434\u043b\u044f \u043f\u043e\u0434\u0433\u043e\u0442\u043e\u0432\u043a\u0438 \u0441\u0442\u0440\u0430\u0445\u043e\u0432\u044b\u0445 \u043f\u0440\u0435\u0434\u043b\u043e\u0436\u0435\u043d\u0438\u0439)<\/li>\n<li>\u041d\u043e\u0442\u0430\u0440\u0438\u0443\u0441\u044b \u0438 \u0440\u0435\u0433\u0438\u0441\u0442\u0440\u044b (\u0434\u043b\u044f \u0437\u0430\u043a\u043b\u044e\u0447\u0435\u043d\u0438\u044f \u0434\u043e\u0433\u043e\u0432\u043e\u0440\u043e\u0432)<\/li>\n<li>\u0411\u0443\u0445\u0433\u0430\u043b\u0442\u0435\u0440\u0438\u044f \u0438 \u0430\u0443\u0434\u0438\u0442<\/li>\n<li>\u0422\u0440\u0435\u0431\u043e\u0432\u0430\u043d\u0438\u044f \u0437\u0430\u043a\u043e\u043d\u043e\u0434\u0430\u0442\u0435\u043b\u044c\u0441\u0442\u0432\u0430 (\u043d\u0430\u043f\u0440\u0438\u043c\u0435\u0440, \u041d\u0430\u043b\u043e\u0433\u043e\u0432\u043e-\u0442\u0430\u043c\u043e\u0436\u0435\u043d\u043d\u044b\u0439 \u0434\u0435\u043f\u0430\u0440\u0442\u0430\u043c\u0435\u043d\u0442)<\/li>\n<\/ul>\n<h2>7. \u0412\u0430\u0448\u0438 \u043f\u0440\u0430\u0432\u0430<\/h2>\n<p>\u0412\u044b \u0438\u043c\u0435\u0435\u0442\u0435 \u043f\u0440\u0430\u0432\u043e::<\/p>\n<ul>\n<li>\u041e\u0437\u043d\u0430\u043a\u043e\u043c\u0438\u0442\u044c\u0441\u044f \u0441\u043e \u0441\u0432\u043e\u0438\u043c\u0438 \u043f\u0435\u0440\u0441\u043e\u043d\u0430\u043b\u044c\u043d\u044b\u043c\u0438 \u0434\u0430\u043d\u043d\u044b\u043c\u0438<\/li>\n<li>\u0422\u0440\u0435\u0431\u043e\u0432\u0430\u0442\u044c \u0438\u0441\u043f\u0440\u0430\u0432\u043b\u0435\u043d\u0438\u044f \u043d\u0435\u0442\u043e\u0447\u043d\u044b\u0445 \u0434\u0430\u043d\u043d\u044b\u0445<\/li>\n<li>\u0422\u0440\u0435\u0431\u043e\u0432\u0430\u0442\u044c \u0443\u0434\u0430\u043b\u0435\u043d\u0438\u044f \u0434\u0430\u043d\u043d\u044b\u0445 (\u0435\u0441\u043b\u0438 \u043e\u0442\u0441\u0443\u0442\u0441\u0442\u0432\u0443\u044e\u0442 \u0437\u0430\u043a\u043e\u043d\u043d\u044b\u0435 \u043e\u0441\u043d\u043e\u0432\u0430\u043d\u0438\u044f \u0434\u043b\u044f \u0438\u0445 \u0445\u0440\u0430\u043d\u0435\u043d\u0438\u044f).<\/li>\n<li>\u041e\u0433\u0440\u0430\u043d\u0438\u0447\u0438\u0442\u044c \u043e\u0431\u0440\u0430\u0431\u043e\u0442\u043a\u0443 \u0434\u0430\u043d\u043d\u044b\u0445<\/li>\n<li>\u041d\u0430 \u043f\u0435\u0440\u0435\u043d\u043e\u0441 \u0434\u0430\u043d\u043d\u044b\u0445<\/li>\n<li>\u0412\u043e\u0437\u0440\u0430\u0436\u0430\u0442\u044c \u043f\u0440\u043e\u0442\u0438\u0432 \u043e\u0431\u0440\u0430\u0431\u043e\u0442\u043a\u0438 \u0434\u0430\u043d\u043d\u044b\u0445<\/li>\n<li>\u041e\u0431\u0440\u0430\u0442\u0438\u0442\u044c\u0441\u044f \u0432 \u0418\u043d\u0441\u043f\u0435\u043a\u0446\u0438\u044e \u043f\u043e \u0437\u0430\u0449\u0438\u0442\u0435 \u0434\u0430\u043d\u043d\u044b\u0445<\/li>\n<\/ul>\n<p>\u0414\u043b\u044f \u0440\u0435\u0430\u043b\u0438\u0437\u0430\u0446\u0438\u0438 \u0441\u0432\u043e\u0438\u0445 \u043f\u0440\u0430\u0432, \u043f\u043e\u0436\u0430\u043b\u0443\u0439\u0441\u0442\u0430, \u0441\u0432\u044f\u0436\u0438\u0442\u0435\u0441\u044c \u0441 \u043d\u0430\u043c\u0438 \u043f\u043e \u0430\u0434\u0440\u0435\u0441\u0443. <a href=\"mailto:info@carbank.ee\">info@carbank.ee<\/a>.<\/p>\n<h2>8. \u0411\u0435\u0437\u043e\u043f\u0430\u0441\u043d\u043e\u0441\u0442\u044c<\/h2>\n<p>\u041c\u044b \u043f\u0440\u0438\u043d\u0438\u043c\u0430\u0435\u043c \u0441\u043e\u043e\u0442\u0432\u0435\u0442\u0441\u0442\u0432\u0443\u044e\u0449\u0438\u0435 \u0442\u0435\u0445\u043d\u0438\u0447\u0435\u0441\u043a\u0438\u0435 \u0438 \u043e\u0440\u0433\u0430\u043d\u0438\u0437\u0430\u0446\u0438\u043e\u043d\u043d\u044b\u0435 \u043c\u0435\u0440\u044b \u0434\u043b\u044f \u0437\u0430\u0449\u0438\u0442\u044b \u0432\u0430\u0448\u0438\u0445 \u043f\u0435\u0440\u0441\u043e\u043d\u0430\u043b\u044c\u043d\u044b\u0445 \u0434\u0430\u043d\u043d\u044b\u0445 \u043e\u0442 \u043d\u0435\u0441\u0430\u043d\u043a\u0446\u0438\u043e\u043d\u0438\u0440\u043e\u0432\u0430\u043d\u043d\u043e\u0433\u043e \u0434\u043e\u0441\u0442\u0443\u043f\u0430, \u0438\u0437\u043c\u0435\u043d\u0435\u043d\u0438\u044f, \u0440\u0430\u0441\u043a\u0440\u044b\u0442\u0438\u044f \u0438\u043b\u0438 \u0443\u043d\u0438\u0447\u0442\u043e\u0436\u0435\u043d\u0438\u044f.<\/p>\n<h2>9. \u0418\u0437\u043c\u0435\u043d\u0435\u043d\u0438\u044f<\/h2>\n<p>\u041c\u044b \u043e\u0441\u0442\u0430\u0432\u043b\u044f\u0435\u043c \u0437\u0430 \u0441\u043e\u0431\u043e\u0439 \u043f\u0440\u0430\u0432\u043e \u0432\u043d\u043e\u0441\u0438\u0442\u044c \u0438\u0437\u043c\u0435\u043d\u0435\u043d\u0438\u044f \u0432 \u043d\u0430\u0441\u0442\u043e\u044f\u0449\u0443\u044e \u043f\u043e\u043b\u0438\u0442\u0438\u043a\u0443 \u043a\u043e\u043d\u0444\u0438\u0434\u0435\u043d\u0446\u0438\u0430\u043b\u044c\u043d\u043e\u0441\u0442\u0438. \u0418\u0437\u043c\u0435\u043d\u0435\u043d\u0438\u044f \u0432\u0441\u0442\u0443\u043f\u0430\u044e\u0442 \u0432 \u0441\u0438\u043b\u0443 \u0441 \u043c\u043e\u043c\u0435\u043d\u0442\u0430 \u0438\u0445 \u043f\u0443\u0431\u043b\u0438\u043a\u0430\u0446\u0438\u0438 \u043d\u0430 \u0441\u0430\u0439\u0442\u0435. \u041f\u043e\u0441\u043b\u0435\u0434\u043d\u0435\u0435 \u043e\u0431\u043d\u043e\u0432\u043b\u0435\u043d\u0438\u0435 - \u043c\u0430\u0440\u0442 2026 \u0433\u043e\u0434\u0430.<\/p>","protected":false},"excerpt":{"rendered":"<p>1. \u00dclds\u00e4tted K\u00e4esolev privaatsuspoliitika reguleerib isikuandmete kogumist, kasutamist ja s\u00e4ilitamist CarCapital O\u00dc (edaspidi CarBank) veebilehe carbank.ee kasutamisel. CarBank austab teie privaatsust ja kaitseb teie isikuandmeid koosk\u00f5las Euroopa Liidu isikuandmete kaitse \u00fcldm\u00e4\u00e4rusega (GDPR). 2. Vastutav t\u00f6\u00f6tleja CarCapital O\u00dc Registrikood: 11609788 Aadress: T\u00e4hesaju tee 9, Lasnam\u00e4e, Tallinn 13917 E-post: info@carbank.ee Telefon: +372 568 19 999 3. Milliseid [&hellip;]<\/p>\n","protected":false},"author":0,"featured_media":0,"parent":0,"menu_order":0,"comment_status":"closed","ping_status":"closed","template":"","meta":{"_acf_changed":false,"footnotes":""},"class_list":["post-16","page","type-page","status-publish","hentry"],"acf":[],"_links":{"self":[{"href":"https:\/\/carbank.veebihai.com\/ru\/wp-json\/wp\/v2\/pages\/16","targetHints":{"allow":["GET"]}}],"collection":[{"href":"https:\/\/carbank.veebihai.com\/ru\/wp-json\/wp\/v2\/pages"}],"about":[{"href":"https:\/\/carbank.veebihai.com\/ru\/wp-json\/wp\/v2\/types\/page"}],"replies":[{"embeddable":true,"href":"https:\/\/carbank.veebihai.com\/ru\/wp-json\/wp\/v2\/comments?post=16"}],"version-history":[{"count":2,"href":"https:\/\/carbank.veebihai.com\/ru\/wp-json\/wp\/v2\/pages\/16\/revisions"}],"predecessor-version":[{"id":164,"href":"https:\/\/carbank.veebihai.com\/ru\/wp-json\/wp\/v2\/pages\/16\/revisions\/164"}],"wp:attachment":[{"href":"https:\/\/carbank.veebihai.com\/ru\/wp-json\/wp\/v2\/media?parent=16"}],"curies":[{"name":"wp","href":"https:\/\/api.w.org\/{rel}","templated":true}]}}